{"id":2025,"date":"2025-11-17T12:17:32","date_gmt":"2025-11-17T18:17:32","guid":{"rendered":"https:\/\/mellshowroom.com.mx\/?post_type=product&#038;p=2025"},"modified":"2025-12-24T11:02:10","modified_gmt":"2025-12-24T17:02:10","slug":"vestido-mini-con-cuerpo-de-sueter-en-contraste","status":"publish","type":"product","link":"https:\/\/mellshowroom.com.mx\/?product=vestido-mini-con-cuerpo-de-sueter-en-contraste","title":{"rendered":"Vestido Mini con Cuerpo de Su\u00e9ter en Contraste"},"content":{"rendered":"","protected":false},"excerpt":{"rendered":"<p>Renueva tu estilo con este vestido mini que combina un cuerpo de su\u00e9ter c\u00f3modo con un dise\u00f1o fresco y moderno. Su silueta ajustada y los detalles en contraste le dan un toque \u00fanico y chic, ideal para cualquier ocasi\u00f3n. \u00a1Perfecto para lucir genial sin esfuerzo!<\/p>\n","protected":false},"featured_media":2026,"template":"","meta":{"site-sidebar-layout":"default","site-content-layout":"","ast-site-content-layout":"default","site-content-style":"default","site-sidebar-style":"default","ast-global-header-display":"","ast-banner-title-visibility":"","ast-main-header-display":"","ast-hfb-above-header-display":"","ast-hfb-below-header-display":"","ast-hfb-mobile-header-display":"","site-post-title":"","ast-breadcrumbs-content":"","ast-featured-img":"","footer-sml-layout":"","theme-transparent-header-meta":"default","adv-header-id-meta":"","stick-header-meta":"","header-above-stick-meta":"","header-main-stick-meta":"","header-below-stick-meta":"","astra-migrate-meta-layouts":"set","ast-page-background-enabled":"default","ast-page-background-meta":{"desktop":{"background-color":"var(--ast-global-color-4)","background-image":"","background-repeat":"repeat","background-position":"center center","background-size":"auto","background-attachment":"scroll","background-type":"","background-media":"","overlay-type":"","overlay-color":"","overlay-opacity":"","overlay-gradient":""},"tablet":{"background-color":"","background-image":"","background-repeat":"repeat","background-position":"center center","background-size":"auto","background-attachment":"scroll","background-type":"","background-media":"","overlay-type":"","overlay-color":"","overlay-opacity":"","overlay-gradient":""},"mobile":{"background-color":"","background-image":"","background-repeat":"repeat","background-position":"center center","background-size":"auto","background-attachment":"scroll","background-type":"","background-media":"","overlay-type":"","overlay-color":"","overlay-opacity":"","overlay-gradient":""}},"ast-content-background-meta":{"desktop":{"background-color":"var(--ast-global-color-5)","background-image":"","background-repeat":"repeat","background-position":"center center","background-size":"auto","background-attachment":"scroll","background-type":"","background-media":"","overlay-type":"","overlay-color":"","overlay-opacity":"","overlay-gradient":""},"tablet":{"background-color":"var(--ast-global-color-5)","background-image":"","background-repeat":"repeat","background-position":"center center","background-size":"auto","background-attachment":"scroll","background-type":"","background-media":"","overlay-type":"","overlay-color":"","overlay-opacity":"","overlay-gradient":""},"mobile":{"background-color":"var(--ast-global-color-5)","background-image":"","background-repeat":"repeat","background-position":"center center","background-size":"auto","background-attachment":"scroll","background-type":"","background-media":"","overlay-type":"","overlay-color":"","overlay-opacity":"","overlay-gradient":""}}},"product_cat":[21,69,165,32,31],"product_tag":[26,276,75,167,46,38,99,34],"class_list":{"0":"post-2025","1":"product","2":"type-product","3":"status-publish","4":"has-post-thumbnail","6":"product_cat-casual","7":"product_cat-formal","8":"product_cat-mini","9":"product_cat-otono","10":"product_cat-vestidos","11":"product_tag-casual","12":"product_tag-contraste","13":"product_tag-formal","14":"product_tag-mini","15":"product_tag-negro","16":"product_tag-otono","17":"product_tag-sueter","18":"product_tag-vestido","19":"desktop-align-left","20":"tablet-align-left","21":"mobile-align-left","23":"first","24":"instock","25":"shipping-taxable","26":"purchasable","27":"product-type-variable"},"_links":{"self":[{"href":"https:\/\/mellshowroom.com.mx\/index.php?rest_route=\/wp\/v2\/product\/2025","targetHints":{"allow":["GET"]}}],"collection":[{"href":"https:\/\/mellshowroom.com.mx\/index.php?rest_route=\/wp\/v2\/product"}],"about":[{"href":"https:\/\/mellshowroom.com.mx\/index.php?rest_route=\/wp\/v2\/types\/product"}],"wp:featuredmedia":[{"embeddable":true,"href":"https:\/\/mellshowroom.com.mx\/index.php?rest_route=\/wp\/v2\/media\/2026"}],"wp:attachment":[{"href":"https:\/\/mellshowroom.com.mx\/index.php?rest_route=%2Fwp%2Fv2%2Fmedia&parent=2025"}],"wp:term":[{"taxonomy":"product_cat","embeddable":true,"href":"https:\/\/mellshowroom.com.mx\/index.php?rest_route=%2Fwp%2Fv2%2Fproduct_cat&post=2025"},{"taxonomy":"product_tag","embeddable":true,"href":"https:\/\/mellshowroom.com.mx\/index.php?rest_route=%2Fwp%2Fv2%2Fproduct_tag&post=2025"}],"curies":[{"name":"wp","href":"https:\/\/api.w.org\/{rel}","templated":true}]}}