{"id":6632,"date":"2025-09-24T17:47:14","date_gmt":"2025-09-24T23:47:14","guid":{"rendered":"https:\/\/mellshowroom.com.mx\/?post_type=product&#038;p=6632"},"modified":"2026-02-06T15:16:39","modified_gmt":"2026-02-06T21:16:39","slug":"jeans-estampado-animal-print","status":"publish","type":"product","link":"https:\/\/mellshowroom.com.mx\/?product=jeans-estampado-animal-print","title":{"rendered":"Jeans Estampado Animal Print"},"content":{"rendered":"","protected":false},"excerpt":{"rendered":"<p>Denim con actitud: este pantal\u00f3n combina un patr\u00f3n suave con un ajuste c\u00f3modo y moderno. El tiro alto y la composici\u00f3n con lycra le dan estructura sin rigidez. Ideal para combinar con tops sencillos o romper con prendas m\u00e1s elaboradas.<\/p>\n","protected":false},"featured_media":6636,"template":"","meta":{"site-sidebar-layout":"default","site-content-layout":"","ast-site-content-layout":"default","site-content-style":"default","site-sidebar-style":"default","ast-global-header-display":"","ast-banner-title-visibility":"","ast-main-header-display":"","ast-hfb-above-header-display":"","ast-hfb-below-header-display":"","ast-hfb-mobile-header-display":"","site-post-title":"","ast-breadcrumbs-content":"","ast-featured-img":"","footer-sml-layout":"","theme-transparent-header-meta":"default","adv-header-id-meta":"","stick-header-meta":"","header-above-stick-meta":"","header-main-stick-meta":"","header-below-stick-meta":"","astra-migrate-meta-layouts":"set","ast-page-background-enabled":"default","ast-page-background-meta":{"desktop":{"background-color":"var(--ast-global-color-4)","background-image":"","background-repeat":"repeat","background-position":"center center","background-size":"auto","background-attachment":"scroll","background-type":"","background-media":"","overlay-type":"","overlay-color":"","overlay-opacity":"","overlay-gradient":""},"tablet":{"background-color":"","background-image":"","background-repeat":"repeat","background-position":"center center","background-size":"auto","background-attachment":"scroll","background-type":"","background-media":"","overlay-type":"","overlay-color":"","overlay-opacity":"","overlay-gradient":""},"mobile":{"background-color":"","background-image":"","background-repeat":"repeat","background-position":"center center","background-size":"auto","background-attachment":"scroll","background-type":"","background-media":"","overlay-type":"","overlay-color":"","overlay-opacity":"","overlay-gradient":""}},"ast-content-background-meta":{"desktop":{"background-color":"var(--ast-global-color-5)","background-image":"","background-repeat":"repeat","background-position":"center center","background-size":"auto","background-attachment":"scroll","background-type":"","background-media":"","overlay-type":"","overlay-color":"","overlay-opacity":"","overlay-gradient":""},"tablet":{"background-color":"var(--ast-global-color-5)","background-image":"","background-repeat":"repeat","background-position":"center center","background-size":"auto","background-attachment":"scroll","background-type":"","background-media":"","overlay-type":"","overlay-color":"","overlay-opacity":"","overlay-gradient":""},"mobile":{"background-color":"var(--ast-global-color-5)","background-image":"","background-repeat":"repeat","background-position":"center center","background-size":"auto","background-attachment":"scroll","background-type":"","background-media":"","overlay-type":"","overlay-color":"","overlay-opacity":"","overlay-gradient":""}}},"product_cat":[72,21,439,482,78],"product_tag":[54,26,67,381,369,452,38,79],"class_list":{"0":"post-6632","1":"product","2":"type-product","3":"status-publish","4":"has-post-thumbnail","6":"product_cat-bottoms","7":"product_cat-casual","8":"product_cat-new-arrivals","9":"product_cat-otono-2","10":"product_cat-pantalones","11":"product_tag-animal-print","12":"product_tag-casual","13":"product_tag-denim","14":"product_tag-detalles","15":"product_tag-jeans","16":"product_tag-new-arrival","17":"product_tag-otono","18":"product_tag-pantalon","19":"desktop-align-left","20":"tablet-align-left","21":"mobile-align-left","23":"first","24":"instock","25":"shipping-taxable","26":"purchasable","27":"product-type-variable"},"_links":{"self":[{"href":"https:\/\/mellshowroom.com.mx\/index.php?rest_route=\/wp\/v2\/product\/6632","targetHints":{"allow":["GET"]}}],"collection":[{"href":"https:\/\/mellshowroom.com.mx\/index.php?rest_route=\/wp\/v2\/product"}],"about":[{"href":"https:\/\/mellshowroom.com.mx\/index.php?rest_route=\/wp\/v2\/types\/product"}],"wp:featuredmedia":[{"embeddable":true,"href":"https:\/\/mellshowroom.com.mx\/index.php?rest_route=\/wp\/v2\/media\/6636"}],"wp:attachment":[{"href":"https:\/\/mellshowroom.com.mx\/index.php?rest_route=%2Fwp%2Fv2%2Fmedia&parent=6632"}],"wp:term":[{"taxonomy":"product_cat","embeddable":true,"href":"https:\/\/mellshowroom.com.mx\/index.php?rest_route=%2Fwp%2Fv2%2Fproduct_cat&post=6632"},{"taxonomy":"product_tag","embeddable":true,"href":"https:\/\/mellshowroom.com.mx\/index.php?rest_route=%2Fwp%2Fv2%2Fproduct_tag&post=6632"}],"curies":[{"name":"wp","href":"https:\/\/api.w.org\/{rel}","templated":true}]}}