{"id":7106,"date":"2025-11-03T17:27:06","date_gmt":"2025-11-03T23:27:06","guid":{"rendered":"https:\/\/mellshowroom.com.mx\/?post_type=product&#038;p=7106"},"modified":"2025-12-20T12:06:03","modified_gmt":"2025-12-20T18:06:03","slug":"blazer-cafe-urbano","status":"publish","type":"product","link":"https:\/\/mellshowroom.com.mx\/?product=blazer-cafe-urbano","title":{"rendered":"Blazer Caf\u00e9 Urbano"},"content":{"rendered":"","protected":false},"excerpt":{"rendered":"<p>Blazer en tono caf\u00e9 intenso, con dise\u00f1o moderno y detalles urbanos que elevan el look. Ideal para un estilo pro en tus clases o para un outfit con actitud.<\/p>\n","protected":false},"featured_media":7112,"template":"","meta":{"site-sidebar-layout":"default","site-content-layout":"","ast-site-content-layout":"default","site-content-style":"default","site-sidebar-style":"default","ast-global-header-display":"","ast-banner-title-visibility":"","ast-main-header-display":"","ast-hfb-above-header-display":"","ast-hfb-below-header-display":"","ast-hfb-mobile-header-display":"","site-post-title":"","ast-breadcrumbs-content":"","ast-featured-img":"","footer-sml-layout":"","theme-transparent-header-meta":"default","adv-header-id-meta":"","stick-header-meta":"","header-above-stick-meta":"","header-main-stick-meta":"","header-below-stick-meta":"","astra-migrate-meta-layouts":"set","ast-page-background-enabled":"default","ast-page-background-meta":{"desktop":{"background-color":"var(--ast-global-color-4)","background-image":"","background-repeat":"repeat","background-position":"center center","background-size":"auto","background-attachment":"scroll","background-type":"","background-media":"","overlay-type":"","overlay-color":"","overlay-opacity":"","overlay-gradient":""},"tablet":{"background-color":"","background-image":"","background-repeat":"repeat","background-position":"center center","background-size":"auto","background-attachment":"scroll","background-type":"","background-media":"","overlay-type":"","overlay-color":"","overlay-opacity":"","overlay-gradient":""},"mobile":{"background-color":"","background-image":"","background-repeat":"repeat","background-position":"center center","background-size":"auto","background-attachment":"scroll","background-type":"","background-media":"","overlay-type":"","overlay-color":"","overlay-opacity":"","overlay-gradient":""}},"ast-content-background-meta":{"desktop":{"background-color":"var(--ast-global-color-5)","background-image":"","background-repeat":"repeat","background-position":"center center","background-size":"auto","background-attachment":"scroll","background-type":"","background-media":"","overlay-type":"","overlay-color":"","overlay-opacity":"","overlay-gradient":""},"tablet":{"background-color":"var(--ast-global-color-5)","background-image":"","background-repeat":"repeat","background-position":"center center","background-size":"auto","background-attachment":"scroll","background-type":"","background-media":"","overlay-type":"","overlay-color":"","overlay-opacity":"","overlay-gradient":""},"mobile":{"background-color":"var(--ast-global-color-5)","background-image":"","background-repeat":"repeat","background-position":"center center","background-size":"auto","background-attachment":"scroll","background-type":"","background-media":"","overlay-type":"","overlay-color":"","overlay-opacity":"","overlay-gradient":""}}},"product_cat":[52,21,69,439,482,51],"product_tag":[53,130,26,381,75,452,38,527],"class_list":{"0":"post-7106","1":"product","2":"type-product","3":"status-publish","4":"has-post-thumbnail","6":"product_cat-blazers","7":"product_cat-casual","8":"product_cat-formal","9":"product_cat-new-arrivals","10":"product_cat-otono-2","11":"product_cat-tops","12":"product_tag-blazer","13":"product_tag-cafe","14":"product_tag-casual","15":"product_tag-detalles","16":"product_tag-formal","17":"product_tag-new-arrival","18":"product_tag-otono","19":"product_tag-urbano","20":"desktop-align-left","21":"tablet-align-left","22":"mobile-align-left","24":"first","25":"instock","26":"shipping-taxable","27":"purchasable","28":"product-type-variable"},"_links":{"self":[{"href":"https:\/\/mellshowroom.com.mx\/index.php?rest_route=\/wp\/v2\/product\/7106","targetHints":{"allow":["GET"]}}],"collection":[{"href":"https:\/\/mellshowroom.com.mx\/index.php?rest_route=\/wp\/v2\/product"}],"about":[{"href":"https:\/\/mellshowroom.com.mx\/index.php?rest_route=\/wp\/v2\/types\/product"}],"wp:featuredmedia":[{"embeddable":true,"href":"https:\/\/mellshowroom.com.mx\/index.php?rest_route=\/wp\/v2\/media\/7112"}],"wp:attachment":[{"href":"https:\/\/mellshowroom.com.mx\/index.php?rest_route=%2Fwp%2Fv2%2Fmedia&parent=7106"}],"wp:term":[{"taxonomy":"product_cat","embeddable":true,"href":"https:\/\/mellshowroom.com.mx\/index.php?rest_route=%2Fwp%2Fv2%2Fproduct_cat&post=7106"},{"taxonomy":"product_tag","embeddable":true,"href":"https:\/\/mellshowroom.com.mx\/index.php?rest_route=%2Fwp%2Fv2%2Fproduct_tag&post=7106"}],"curies":[{"name":"wp","href":"https:\/\/api.w.org\/{rel}","templated":true}]}}