{"id":7842,"date":"2026-02-23T15:18:15","date_gmt":"2026-02-23T21:18:15","guid":{"rendered":"https:\/\/mellshowroom.com.mx\/?post_type=product&#038;p=7842"},"modified":"2026-03-27T12:14:24","modified_gmt":"2026-03-27T18:14:24","slug":"pantalon-patchwork-indigo","status":"publish","type":"product","link":"https:\/\/mellshowroom.com.mx\/?product=pantalon-patchwork-indigo","title":{"rendered":"Pantal\u00f3n Patchwork Indigo"},"content":{"rendered":"","protected":false},"excerpt":{"rendered":"<p data-path-to-node=\"3\">Este pantal\u00f3n es una celebraci\u00f3n del dise\u00f1o detallado y la <b data-path-to-node=\"3\" data-index-in-node=\"59\">est\u00e9tica bohemia contempor\u00e1nea<\/b>. Su patr\u00f3n de <i data-path-to-node=\"3\" data-index-in-node=\"104\">patchwork<\/i> en diversas tonalidades de azul \u00edndigo combina motivos bot\u00e1nicos y geom\u00e9tricos, creando una pieza visualmente rica que se convierte en el centro de atenci\u00f3n de cualquier conjunto.<\/p>\n","protected":false},"featured_media":7846,"template":"","meta":{"site-sidebar-layout":"default","site-content-layout":"","ast-site-content-layout":"default","site-content-style":"default","site-sidebar-style":"default","ast-global-header-display":"","ast-banner-title-visibility":"","ast-main-header-display":"","ast-hfb-above-header-display":"","ast-hfb-below-header-display":"","ast-hfb-mobile-header-display":"","site-post-title":"","ast-breadcrumbs-content":"","ast-featured-img":"","footer-sml-layout":"","theme-transparent-header-meta":"default","adv-header-id-meta":"","stick-header-meta":"","header-above-stick-meta":"","header-main-stick-meta":"","header-below-stick-meta":"","astra-migrate-meta-layouts":"set","ast-page-background-enabled":"default","ast-page-background-meta":{"desktop":{"background-color":"var(--ast-global-color-4)","background-image":"","background-repeat":"repeat","background-position":"center center","background-size":"auto","background-attachment":"scroll","background-type":"","background-media":"","overlay-type":"","overlay-color":"","overlay-opacity":"","overlay-gradient":""},"tablet":{"background-color":"","background-image":"","background-repeat":"repeat","background-position":"center center","background-size":"auto","background-attachment":"scroll","background-type":"","background-media":"","overlay-type":"","overlay-color":"","overlay-opacity":"","overlay-gradient":""},"mobile":{"background-color":"","background-image":"","background-repeat":"repeat","background-position":"center center","background-size":"auto","background-attachment":"scroll","background-type":"","background-media":"","overlay-type":"","overlay-color":"","overlay-opacity":"","overlay-gradient":""}},"ast-content-background-meta":{"desktop":{"background-color":"var(--ast-global-color-5)","background-image":"","background-repeat":"repeat","background-position":"center center","background-size":"auto","background-attachment":"scroll","background-type":"","background-media":"","overlay-type":"","overlay-color":"","overlay-opacity":"","overlay-gradient":""},"tablet":{"background-color":"var(--ast-global-color-5)","background-image":"","background-repeat":"repeat","background-position":"center center","background-size":"auto","background-attachment":"scroll","background-type":"","background-media":"","overlay-type":"","overlay-color":"","overlay-opacity":"","overlay-gradient":""},"mobile":{"background-color":"var(--ast-global-color-5)","background-image":"","background-repeat":"repeat","background-position":"center center","background-size":"auto","background-attachment":"scroll","background-type":"","background-media":"","overlay-type":"","overlay-color":"","overlay-opacity":"","overlay-gradient":""}}},"product_cat":[72,21,439,78,32],"product_tag":[26,567,79,504,162,566,138],"class_list":{"0":"post-7842","1":"product","2":"type-product","3":"status-publish","4":"has-post-thumbnail","6":"product_cat-bottoms","7":"product_cat-casual","8":"product_cat-new-arrivals","9":"product_cat-pantalones","10":"product_cat-otono","11":"product_tag-casual","12":"product_tag-indigo","13":"product_tag-pantalon","14":"product_tag-patchwork","15":"product_tag-primavera","16":"product_tag-retro","17":"product_tag-top","18":"desktop-align-left","19":"tablet-align-left","20":"mobile-align-left","22":"first","23":"instock","24":"shipping-taxable","25":"purchasable","26":"product-type-variable"},"_links":{"self":[{"href":"https:\/\/mellshowroom.com.mx\/index.php?rest_route=\/wp\/v2\/product\/7842","targetHints":{"allow":["GET"]}}],"collection":[{"href":"https:\/\/mellshowroom.com.mx\/index.php?rest_route=\/wp\/v2\/product"}],"about":[{"href":"https:\/\/mellshowroom.com.mx\/index.php?rest_route=\/wp\/v2\/types\/product"}],"wp:featuredmedia":[{"embeddable":true,"href":"https:\/\/mellshowroom.com.mx\/index.php?rest_route=\/wp\/v2\/media\/7846"}],"wp:attachment":[{"href":"https:\/\/mellshowroom.com.mx\/index.php?rest_route=%2Fwp%2Fv2%2Fmedia&parent=7842"}],"wp:term":[{"taxonomy":"product_cat","embeddable":true,"href":"https:\/\/mellshowroom.com.mx\/index.php?rest_route=%2Fwp%2Fv2%2Fproduct_cat&post=7842"},{"taxonomy":"product_tag","embeddable":true,"href":"https:\/\/mellshowroom.com.mx\/index.php?rest_route=%2Fwp%2Fv2%2Fproduct_tag&post=7842"}],"curies":[{"name":"wp","href":"https:\/\/api.w.org\/{rel}","templated":true}]}}