{"id":8103,"date":"2026-02-25T18:21:09","date_gmt":"2026-02-26T00:21:09","guid":{"rendered":"https:\/\/mellshowroom.com.mx\/?post_type=product&#038;p=8103"},"modified":"2026-03-10T13:38:40","modified_gmt":"2026-03-10T19:38:40","slug":"vestido-oasis-camel","status":"publish","type":"product","link":"https:\/\/mellshowroom.com.mx\/?product=vestido-oasis-camel","title":{"rendered":"Vestido Oasis Camel"},"content":{"rendered":"","protected":false},"excerpt":{"rendered":"<p data-path-to-node=\"3\">Haz una entrada inolvidable con el vestido <b data-path-to-node=\"4\" data-index-in-node=\"43\">&#8220;Oasis Abstract&#8221;<\/b>, una pieza que celebra la fluidez y el dise\u00f1o vanguardista. Este maxi vestido destaca por su silueta de <b data-path-to-node=\"4\" data-index-in-node=\"164\">un solo hombro (one-shoulder)<\/b> y un dram\u00e1tico drapeado lateral que crea un movimiento et\u00e9reo al caminar. El estampado bot\u00e1nico abstracto en tonos camel sobre fondo crema evoca una est\u00e9tica org\u00e1nica y sofisticada, ideal para eventos de gala en la playa, c\u00f3cteles al atardecer o sesiones de fotos editoriales.<\/p>\n","protected":false},"featured_media":8107,"template":"","meta":{"site-sidebar-layout":"default","site-content-layout":"","ast-site-content-layout":"default","site-content-style":"default","site-sidebar-style":"default","ast-global-header-display":"","ast-banner-title-visibility":"","ast-main-header-display":"","ast-hfb-above-header-display":"","ast-hfb-below-header-display":"","ast-hfb-mobile-header-display":"","site-post-title":"","ast-breadcrumbs-content":"","ast-featured-img":"","footer-sml-layout":"","theme-transparent-header-meta":"default","adv-header-id-meta":"","stick-header-meta":"","header-above-stick-meta":"","header-main-stick-meta":"","header-below-stick-meta":"","astra-migrate-meta-layouts":"set","ast-page-background-enabled":"default","ast-page-background-meta":{"desktop":{"background-color":"var(--ast-global-color-4)","background-image":"","background-repeat":"repeat","background-position":"center center","background-size":"auto","background-attachment":"scroll","background-type":"","background-media":"","overlay-type":"","overlay-color":"","overlay-opacity":"","overlay-gradient":""},"tablet":{"background-color":"","background-image":"","background-repeat":"repeat","background-position":"center center","background-size":"auto","background-attachment":"scroll","background-type":"","background-media":"","overlay-type":"","overlay-color":"","overlay-opacity":"","overlay-gradient":""},"mobile":{"background-color":"","background-image":"","background-repeat":"repeat","background-position":"center center","background-size":"auto","background-attachment":"scroll","background-type":"","background-media":"","overlay-type":"","overlay-color":"","overlay-opacity":"","overlay-gradient":""}},"ast-content-background-meta":{"desktop":{"background-color":"var(--ast-global-color-5)","background-image":"","background-repeat":"repeat","background-position":"center center","background-size":"auto","background-attachment":"scroll","background-type":"","background-media":"","overlay-type":"","overlay-color":"","overlay-opacity":"","overlay-gradient":""},"tablet":{"background-color":"var(--ast-global-color-5)","background-image":"","background-repeat":"repeat","background-position":"center center","background-size":"auto","background-attachment":"scroll","background-type":"","background-media":"","overlay-type":"","overlay-color":"","overlay-opacity":"","overlay-gradient":""},"mobile":{"background-color":"var(--ast-global-color-5)","background-image":"","background-repeat":"repeat","background-position":"center center","background-size":"auto","background-attachment":"scroll","background-type":"","background-media":"","overlay-type":"","overlay-color":"","overlay-opacity":"","overlay-gradient":""}}},"product_cat":[21,69,33,439,32,31],"product_tag":[575,26,576,75,127,452,162,34],"class_list":{"0":"post-8103","1":"product","2":"type-product","3":"status-publish","4":"has-post-thumbnail","6":"product_cat-casual","7":"product_cat-formal","8":"product_cat-maxi","9":"product_cat-new-arrivals","10":"product_cat-otono","11":"product_cat-vestidos","12":"product_tag-caramel","13":"product_tag-casual","14":"product_tag-cream","15":"product_tag-formal","16":"product_tag-maxi","17":"product_tag-new-arrival","18":"product_tag-primavera","19":"product_tag-vestido","20":"desktop-align-left","21":"tablet-align-left","22":"mobile-align-left","24":"first","25":"instock","26":"shipping-taxable","27":"purchasable","28":"product-type-variable"},"_links":{"self":[{"href":"https:\/\/mellshowroom.com.mx\/index.php?rest_route=\/wp\/v2\/product\/8103","targetHints":{"allow":["GET"]}}],"collection":[{"href":"https:\/\/mellshowroom.com.mx\/index.php?rest_route=\/wp\/v2\/product"}],"about":[{"href":"https:\/\/mellshowroom.com.mx\/index.php?rest_route=\/wp\/v2\/types\/product"}],"wp:featuredmedia":[{"embeddable":true,"href":"https:\/\/mellshowroom.com.mx\/index.php?rest_route=\/wp\/v2\/media\/8107"}],"wp:attachment":[{"href":"https:\/\/mellshowroom.com.mx\/index.php?rest_route=%2Fwp%2Fv2%2Fmedia&parent=8103"}],"wp:term":[{"taxonomy":"product_cat","embeddable":true,"href":"https:\/\/mellshowroom.com.mx\/index.php?rest_route=%2Fwp%2Fv2%2Fproduct_cat&post=8103"},{"taxonomy":"product_tag","embeddable":true,"href":"https:\/\/mellshowroom.com.mx\/index.php?rest_route=%2Fwp%2Fv2%2Fproduct_tag&post=8103"}],"curies":[{"name":"wp","href":"https:\/\/api.w.org\/{rel}","templated":true}]}}